{"id":76,"date":"2024-09-11T08:22:08","date_gmt":"2024-09-11T08:22:08","guid":{"rendered":"https:\/\/www.thevoucherdeals.com\/?page_id=7"},"modified":"2024-09-11T08:22:08","modified_gmt":"2024-09-11T08:22:08","slug":"home","status":"publish","type":"page","link":"https:\/\/gutscheinencode.com\/dk\/","title":{"rendered":"Home"},"content":{"rendered":"","protected":false},"excerpt":{"rendered":"","protected":false},"author":2,"featured_media":0,"parent":0,"menu_order":0,"comment_status":"closed","ping_status":"closed","template":"front-page-template.php","meta":{"_acf_changed":false,"footnotes":""},"class_list":["post-76","page","type-page","status-publish","hentry"],"acf":[],"yoast_head":"<!-- This site is optimized with the Yoast SEO plugin v27.4 - https:\/\/yoast.com\/product\/yoast-seo-wordpress\/ -->\n<title>Vertrauensw\u00fcrdige Quelle f\u00fcr echte Einsparungen<\/title>\n<meta name=\"description\" content=\"Finde die besten Rabatte und Gutscheincodes f\u00fcr deine Lieblingsshops. Entdecke hei\u00dfe Deals, durchsuche alle Stores und spare noch heute mit Gutscheinencode!\" \/>\n<meta name=\"robots\" content=\"index, follow, max-snippet:-1, max-image-preview:large, max-video-preview:-1\" \/>\n<link rel=\"canonical\" href=\"https:\/\/gutscheinencode.com\/dk\/\" \/>\n<meta property=\"og:locale\" content=\"en_US\" \/>\n<meta property=\"og:type\" content=\"article\" \/>\n<meta property=\"og:title\" content=\"Vertrauensw\u00fcrdige Quelle f\u00fcr echte Einsparungen\" \/>\n<meta property=\"og:description\" content=\"Finde die besten Rabatte und Gutscheincodes f\u00fcr deine Lieblingsshops. Entdecke hei\u00dfe Deals, durchsuche alle Stores und spare noch heute mit Gutscheinencode!\" \/>\n<meta property=\"og:url\" content=\"https:\/\/gutscheinencode.com\/dk\/\" \/>\n<meta property=\"og:site_name\" content=\"Gutscheine Code DK\" \/>\n<meta name=\"twitter:card\" content=\"summary_large_image\" \/>\n<script type=\"application\/ld+json\" class=\"yoast-schema-graph\">{\"@context\":\"https:\\\/\\\/schema.org\",\"@graph\":[{\"@type\":\"WebPage\",\"@id\":\"https:\\\/\\\/gutscheinencode.com\\\/dk\\\/\",\"url\":\"https:\\\/\\\/gutscheinencode.com\\\/dk\\\/\",\"name\":\"Vertrauensw\u00fcrdige Quelle f\u00fcr echte Einsparungen\",\"isPartOf\":{\"@id\":\"https:\\\/\\\/gutscheinencode.com\\\/dk\\\/#website\"},\"datePublished\":\"2024-09-11T08:22:08+00:00\",\"description\":\"Finde die besten Rabatte und Gutscheincodes f\u00fcr deine Lieblingsshops. Entdecke hei\u00dfe Deals, durchsuche alle Stores und spare noch heute mit Gutscheinencode!\",\"breadcrumb\":{\"@id\":\"https:\\\/\\\/gutscheinencode.com\\\/dk\\\/#breadcrumb\"},\"inLanguage\":\"en-US\",\"potentialAction\":[{\"@type\":\"ReadAction\",\"target\":[\"https:\\\/\\\/gutscheinencode.com\\\/dk\\\/\"]}]},{\"@type\":\"BreadcrumbList\",\"@id\":\"https:\\\/\\\/gutscheinencode.com\\\/dk\\\/#breadcrumb\",\"itemListElement\":[{\"@type\":\"ListItem\",\"position\":1,\"name\":\"Home\",\"item\":\"https:\\\/\\\/gutscheinencode.com\\\/dk\\\/\"},{\"@type\":\"ListItem\",\"position\":2,\"name\":\"Home\"}]},{\"@type\":\"WebSite\",\"@id\":\"https:\\\/\\\/gutscheinencode.com\\\/dk\\\/#website\",\"url\":\"https:\\\/\\\/gutscheinencode.com\\\/dk\\\/\",\"name\":\"Gutscheine Code DK\",\"description\":\"\",\"potentialAction\":[{\"@type\":\"SearchAction\",\"target\":{\"@type\":\"EntryPoint\",\"urlTemplate\":\"https:\\\/\\\/gutscheinencode.com\\\/dk\\\/?s={search_term_string}\"},\"query-input\":{\"@type\":\"PropertyValueSpecification\",\"valueRequired\":true,\"valueName\":\"search_term_string\"}}],\"inLanguage\":\"en-US\"}]}<\/script>\n<!-- \/ Yoast SEO plugin. -->","yoast_head_json":{"title":"Vertrauensw\u00fcrdige Quelle f\u00fcr echte Einsparungen","description":"Finde die besten Rabatte und Gutscheincodes f\u00fcr deine Lieblingsshops. Entdecke hei\u00dfe Deals, durchsuche alle Stores und spare noch heute mit Gutscheinencode!","robots":{"index":"index","follow":"follow","max-snippet":"max-snippet:-1","max-image-preview":"max-image-preview:large","max-video-preview":"max-video-preview:-1"},"canonical":"https:\/\/gutscheinencode.com\/dk\/","og_locale":"en_US","og_type":"article","og_title":"Vertrauensw\u00fcrdige Quelle f\u00fcr echte Einsparungen","og_description":"Finde die besten Rabatte und Gutscheincodes f\u00fcr deine Lieblingsshops. Entdecke hei\u00dfe Deals, durchsuche alle Stores und spare noch heute mit Gutscheinencode!","og_url":"https:\/\/gutscheinencode.com\/dk\/","og_site_name":"Gutscheine Code DK","twitter_card":"summary_large_image","schema":{"@context":"https:\/\/schema.org","@graph":[{"@type":"WebPage","@id":"https:\/\/gutscheinencode.com\/dk\/","url":"https:\/\/gutscheinencode.com\/dk\/","name":"Vertrauensw\u00fcrdige Quelle f\u00fcr echte Einsparungen","isPartOf":{"@id":"https:\/\/gutscheinencode.com\/dk\/#website"},"datePublished":"2024-09-11T08:22:08+00:00","description":"Finde die besten Rabatte und Gutscheincodes f\u00fcr deine Lieblingsshops. Entdecke hei\u00dfe Deals, durchsuche alle Stores und spare noch heute mit Gutscheinencode!","breadcrumb":{"@id":"https:\/\/gutscheinencode.com\/dk\/#breadcrumb"},"inLanguage":"en-US","potentialAction":[{"@type":"ReadAction","target":["https:\/\/gutscheinencode.com\/dk\/"]}]},{"@type":"BreadcrumbList","@id":"https:\/\/gutscheinencode.com\/dk\/#breadcrumb","itemListElement":[{"@type":"ListItem","position":1,"name":"Home","item":"https:\/\/gutscheinencode.com\/dk\/"},{"@type":"ListItem","position":2,"name":"Home"}]},{"@type":"WebSite","@id":"https:\/\/gutscheinencode.com\/dk\/#website","url":"https:\/\/gutscheinencode.com\/dk\/","name":"Gutscheine Code DK","description":"","potentialAction":[{"@type":"SearchAction","target":{"@type":"EntryPoint","urlTemplate":"https:\/\/gutscheinencode.com\/dk\/?s={search_term_string}"},"query-input":{"@type":"PropertyValueSpecification","valueRequired":true,"valueName":"search_term_string"}}],"inLanguage":"en-US"}]}},"_links":{"self":[{"href":"https:\/\/gutscheinencode.com\/dk\/wp-json\/wp\/v2\/pages\/76","targetHints":{"allow":["GET"]}}],"collection":[{"href":"https:\/\/gutscheinencode.com\/dk\/wp-json\/wp\/v2\/pages"}],"about":[{"href":"https:\/\/gutscheinencode.com\/dk\/wp-json\/wp\/v2\/types\/page"}],"author":[{"embeddable":true,"href":"https:\/\/gutscheinencode.com\/dk\/wp-json\/wp\/v2\/users\/2"}],"replies":[{"embeddable":true,"href":"https:\/\/gutscheinencode.com\/dk\/wp-json\/wp\/v2\/comments?post=76"}],"version-history":[{"count":0,"href":"https:\/\/gutscheinencode.com\/dk\/wp-json\/wp\/v2\/pages\/76\/revisions"}],"wp:attachment":[{"href":"https:\/\/gutscheinencode.com\/dk\/wp-json\/wp\/v2\/media?parent=76"}],"curies":[{"name":"wp","href":"https:\/\/api.w.org\/{rel}","templated":true}]}}